{"id":2433,"date":"2020-01-05T04:37:20","date_gmt":"2020-01-05T07:37:20","guid":{"rendered":"https:\/\/r85motos.cl\/r85\/?post_type=product&#038;p=2433"},"modified":"2024-09-04T17:38:49","modified_gmt":"2024-09-04T20:38:49","slug":"aceite-semisintetico-maxima-20w50-4-tiempos-1lt","status":"publish","type":"product","link":"https:\/\/r85motos.cl\/r85\/tienda\/lubricantes\/aceite-semisintetico-maxima-20w50-4-tiempos-1lt\/","title":{"rendered":"Aceite semisint\u00e9tico Maxima 20w50 4 tiempos 1lt."},"content":{"rendered":"<p><b>Aceite Semisintetico M\u00e1xima 20W50 4 Tiempos 1 Lt.<\/b><\/p>\n<p>Protecci\u00f3n superior a cualquier temperatura Excelente sensaci\u00f3n de embrague y protecci\u00f3n del embrague La f\u00f3rmula a base de \u00e9ster, estable al corte, mantiene la viscosidad del aceite y el espesor de la pel\u00edcula El sistema de aditivos patentado y los aceites base sint\u00e9ticos se combinan para minimizar la oxidaci\u00f3n y el desgaste Aumenta la durabilidad y extiende la vida del motor Excede las especificaciones API SL y JASO MA2<\/p>\n","protected":false},"excerpt":{"rendered":"<p>Aceite Semisintetico Maxima 20W50 4 Tiempos 1 Lt.<\/p>\n<p>Protecci\u00f3n superior a cualquier temperatura Excelente sensaci\u00f3n de embrague y protecci\u00f3n del embrague<\/p>\n<div class=\"woocommerce-product-details__short-description\">\n<p>SemiSintetico<\/p>\n<p><strong>SAE:<\/strong> 20w50<\/p>\n<p><strong>API:<\/strong> SL<\/p>\n<p><strong>JASO:<\/strong> MA2<\/p>\n<\/div>\n","protected":false},"featured_media":2438,"comment_status":"open","ping_status":"closed","template":"","meta":[],"yoast_head":"<!-- This site is optimized with the Yoast SEO plugin v24.0 - https:\/\/yoast.com\/wordpress\/plugins\/seo\/ -->\n<title>Aceite semisint\u00e9tico Maxima 20w50 4 tiempos 1lt. - R85 Motos<\/title>\n<meta name=\"robots\" content=\"index, follow, max-snippet:-1, max-image-preview:large, max-video-preview:-1\" \/>\n<link rel=\"canonical\" href=\"https:\/\/r85motos.cl\/r85\/tienda\/lubricantes\/aceite-semisintetico-maxima-20w50-4-tiempos-1lt\/\" \/>\n<meta property=\"og:locale\" content=\"es_ES\" \/>\n<meta property=\"og:type\" content=\"article\" \/>\n<meta property=\"og:title\" content=\"Aceite semisint\u00e9tico Maxima 20w50 4 tiempos 1lt. - R85 Motos\" \/>\n<meta property=\"og:description\" content=\"Aceite Semisintetico Maxima 20W50 4 Tiempos 1 Lt.  Protecci\u00f3n superior a cualquier temperatura Excelente sensaci\u00f3n de embrague y protecci\u00f3n del embrague   SemiSintetico  SAE: 20w50  API: SL  JASO: MA2\" \/>\n<meta property=\"og:url\" content=\"https:\/\/r85motos.cl\/r85\/tienda\/lubricantes\/aceite-semisintetico-maxima-20w50-4-tiempos-1lt\/\" \/>\n<meta property=\"og:site_name\" content=\"R85 Motos\" \/>\n<meta property=\"article:publisher\" content=\"https:\/\/www.facebook.com\/R85Motos\" \/>\n<meta property=\"article:modified_time\" content=\"2024-09-04T20:38:49+00:00\" \/>\n<meta property=\"og:image\" content=\"https:\/\/r85motos.cl\/r85\/wp-content\/uploads\/2020\/01\/aceite-maxima-syn-blend-semi-sintetico-1-litro-sae-20w50-1.jpg\" \/>\n\t<meta property=\"og:image:width\" content=\"800\" \/>\n\t<meta property=\"og:image:height\" content=\"800\" \/>\n\t<meta property=\"og:image:type\" content=\"image\/jpeg\" \/>\n<meta name=\"twitter:card\" content=\"summary_large_image\" \/>\n<script type=\"application\/ld+json\" class=\"yoast-schema-graph\">{\"@context\":\"https:\/\/schema.org\",\"@graph\":[{\"@type\":\"WebPage\",\"@id\":\"https:\/\/r85motos.cl\/r85\/tienda\/lubricantes\/aceite-semisintetico-maxima-20w50-4-tiempos-1lt\/\",\"url\":\"https:\/\/r85motos.cl\/r85\/tienda\/lubricantes\/aceite-semisintetico-maxima-20w50-4-tiempos-1lt\/\",\"name\":\"Aceite semisint\u00e9tico Maxima 20w50 4 tiempos 1lt. - R85 Motos\",\"isPartOf\":{\"@id\":\"https:\/\/r85motos.cl\/r85\/#website\"},\"primaryImageOfPage\":{\"@id\":\"https:\/\/r85motos.cl\/r85\/tienda\/lubricantes\/aceite-semisintetico-maxima-20w50-4-tiempos-1lt\/#primaryimage\"},\"image\":{\"@id\":\"https:\/\/r85motos.cl\/r85\/tienda\/lubricantes\/aceite-semisintetico-maxima-20w50-4-tiempos-1lt\/#primaryimage\"},\"thumbnailUrl\":\"https:\/\/r85motos.cl\/r85\/wp-content\/uploads\/2020\/01\/aceite-maxima-syn-blend-semi-sintetico-1-litro-sae-20w50-1.jpg\",\"datePublished\":\"2020-01-05T07:37:20+00:00\",\"dateModified\":\"2024-09-04T20:38:49+00:00\",\"breadcrumb\":{\"@id\":\"https:\/\/r85motos.cl\/r85\/tienda\/lubricantes\/aceite-semisintetico-maxima-20w50-4-tiempos-1lt\/#breadcrumb\"},\"inLanguage\":\"es\",\"potentialAction\":[{\"@type\":\"ReadAction\",\"target\":[\"https:\/\/r85motos.cl\/r85\/tienda\/lubricantes\/aceite-semisintetico-maxima-20w50-4-tiempos-1lt\/\"]}]},{\"@type\":\"ImageObject\",\"inLanguage\":\"es\",\"@id\":\"https:\/\/r85motos.cl\/r85\/tienda\/lubricantes\/aceite-semisintetico-maxima-20w50-4-tiempos-1lt\/#primaryimage\",\"url\":\"https:\/\/r85motos.cl\/r85\/wp-content\/uploads\/2020\/01\/aceite-maxima-syn-blend-semi-sintetico-1-litro-sae-20w50-1.jpg\",\"contentUrl\":\"https:\/\/r85motos.cl\/r85\/wp-content\/uploads\/2020\/01\/aceite-maxima-syn-blend-semi-sintetico-1-litro-sae-20w50-1.jpg\",\"width\":800,\"height\":800},{\"@type\":\"BreadcrumbList\",\"@id\":\"https:\/\/r85motos.cl\/r85\/tienda\/lubricantes\/aceite-semisintetico-maxima-20w50-4-tiempos-1lt\/#breadcrumb\",\"itemListElement\":[{\"@type\":\"ListItem\",\"position\":1,\"name\":\"Inicio\",\"item\":\"https:\/\/r85motos.cl\/r85\/\"},{\"@type\":\"ListItem\",\"position\":2,\"name\":\"Tienda\",\"item\":\"https:\/\/r85motos.cl\/r85\/tienda\/\"},{\"@type\":\"ListItem\",\"position\":3,\"name\":\"Lubricantes\",\"item\":\"https:\/\/r85motos.cl\/r85\/producto-categoria\/lubricantes\/\"},{\"@type\":\"ListItem\",\"position\":4,\"name\":\"Aceite semisint\u00e9tico Maxima 20w50 4 tiempos 1lt.\"}]},{\"@type\":\"WebSite\",\"@id\":\"https:\/\/r85motos.cl\/r85\/#website\",\"url\":\"https:\/\/r85motos.cl\/r85\/\",\"name\":\"R85 Motos\",\"description\":\"Taller mec\u00e1nico de motos y servicio a domicilio\",\"publisher\":{\"@id\":\"https:\/\/r85motos.cl\/r85\/#organization\"},\"potentialAction\":[{\"@type\":\"SearchAction\",\"target\":{\"@type\":\"EntryPoint\",\"urlTemplate\":\"https:\/\/r85motos.cl\/r85\/?s={search_term_string}\"},\"query-input\":{\"@type\":\"PropertyValueSpecification\",\"valueRequired\":true,\"valueName\":\"search_term_string\"}}],\"inLanguage\":\"es\"},{\"@type\":\"Organization\",\"@id\":\"https:\/\/r85motos.cl\/r85\/#organization\",\"name\":\"R85 Motos Spa\",\"url\":\"https:\/\/r85motos.cl\/r85\/\",\"logo\":{\"@type\":\"ImageObject\",\"inLanguage\":\"es\",\"@id\":\"https:\/\/r85motos.cl\/r85\/#\/schema\/logo\/image\/\",\"url\":\"https:\/\/r85motos.cl\/r85\/wp-content\/uploads\/2019\/11\/Captura-de-pantalla-de-2019-11-04-16-48-35-e1572919537689.png\",\"contentUrl\":\"https:\/\/r85motos.cl\/r85\/wp-content\/uploads\/2019\/11\/Captura-de-pantalla-de-2019-11-04-16-48-35-e1572919537689.png\",\"width\":300,\"height\":147,\"caption\":\"R85 Motos Spa\"},\"image\":{\"@id\":\"https:\/\/r85motos.cl\/r85\/#\/schema\/logo\/image\/\"},\"sameAs\":[\"https:\/\/www.facebook.com\/R85Motos\",\"https:\/\/www.instagram.com\/r85motos\/\",\"https:\/\/www.youtube.com\/channel\/UCoNJWiikfABGb-w1m60BWpQ\"]}]}<\/script>\n<!-- \/ Yoast SEO plugin. -->","yoast_head_json":{"title":"Aceite semisint\u00e9tico Maxima 20w50 4 tiempos 1lt. - R85 Motos","robots":{"index":"index","follow":"follow","max-snippet":"max-snippet:-1","max-image-preview":"max-image-preview:large","max-video-preview":"max-video-preview:-1"},"canonical":"https:\/\/r85motos.cl\/r85\/tienda\/lubricantes\/aceite-semisintetico-maxima-20w50-4-tiempos-1lt\/","og_locale":"es_ES","og_type":"article","og_title":"Aceite semisint\u00e9tico Maxima 20w50 4 tiempos 1lt. - R85 Motos","og_description":"Aceite Semisintetico Maxima 20W50 4 Tiempos 1 Lt.  Protecci\u00f3n superior a cualquier temperatura Excelente sensaci\u00f3n de embrague y protecci\u00f3n del embrague   SemiSintetico  SAE: 20w50  API: SL  JASO: MA2","og_url":"https:\/\/r85motos.cl\/r85\/tienda\/lubricantes\/aceite-semisintetico-maxima-20w50-4-tiempos-1lt\/","og_site_name":"R85 Motos","article_publisher":"https:\/\/www.facebook.com\/R85Motos","article_modified_time":"2024-09-04T20:38:49+00:00","og_image":[{"width":800,"height":800,"url":"https:\/\/r85motos.cl\/r85\/wp-content\/uploads\/2020\/01\/aceite-maxima-syn-blend-semi-sintetico-1-litro-sae-20w50-1.jpg","type":"image\/jpeg"}],"twitter_card":"summary_large_image","schema":{"@context":"https:\/\/schema.org","@graph":[{"@type":"WebPage","@id":"https:\/\/r85motos.cl\/r85\/tienda\/lubricantes\/aceite-semisintetico-maxima-20w50-4-tiempos-1lt\/","url":"https:\/\/r85motos.cl\/r85\/tienda\/lubricantes\/aceite-semisintetico-maxima-20w50-4-tiempos-1lt\/","name":"Aceite semisint\u00e9tico Maxima 20w50 4 tiempos 1lt. - R85 Motos","isPartOf":{"@id":"https:\/\/r85motos.cl\/r85\/#website"},"primaryImageOfPage":{"@id":"https:\/\/r85motos.cl\/r85\/tienda\/lubricantes\/aceite-semisintetico-maxima-20w50-4-tiempos-1lt\/#primaryimage"},"image":{"@id":"https:\/\/r85motos.cl\/r85\/tienda\/lubricantes\/aceite-semisintetico-maxima-20w50-4-tiempos-1lt\/#primaryimage"},"thumbnailUrl":"https:\/\/r85motos.cl\/r85\/wp-content\/uploads\/2020\/01\/aceite-maxima-syn-blend-semi-sintetico-1-litro-sae-20w50-1.jpg","datePublished":"2020-01-05T07:37:20+00:00","dateModified":"2024-09-04T20:38:49+00:00","breadcrumb":{"@id":"https:\/\/r85motos.cl\/r85\/tienda\/lubricantes\/aceite-semisintetico-maxima-20w50-4-tiempos-1lt\/#breadcrumb"},"inLanguage":"es","potentialAction":[{"@type":"ReadAction","target":["https:\/\/r85motos.cl\/r85\/tienda\/lubricantes\/aceite-semisintetico-maxima-20w50-4-tiempos-1lt\/"]}]},{"@type":"ImageObject","inLanguage":"es","@id":"https:\/\/r85motos.cl\/r85\/tienda\/lubricantes\/aceite-semisintetico-maxima-20w50-4-tiempos-1lt\/#primaryimage","url":"https:\/\/r85motos.cl\/r85\/wp-content\/uploads\/2020\/01\/aceite-maxima-syn-blend-semi-sintetico-1-litro-sae-20w50-1.jpg","contentUrl":"https:\/\/r85motos.cl\/r85\/wp-content\/uploads\/2020\/01\/aceite-maxima-syn-blend-semi-sintetico-1-litro-sae-20w50-1.jpg","width":800,"height":800},{"@type":"BreadcrumbList","@id":"https:\/\/r85motos.cl\/r85\/tienda\/lubricantes\/aceite-semisintetico-maxima-20w50-4-tiempos-1lt\/#breadcrumb","itemListElement":[{"@type":"ListItem","position":1,"name":"Inicio","item":"https:\/\/r85motos.cl\/r85\/"},{"@type":"ListItem","position":2,"name":"Tienda","item":"https:\/\/r85motos.cl\/r85\/tienda\/"},{"@type":"ListItem","position":3,"name":"Lubricantes","item":"https:\/\/r85motos.cl\/r85\/producto-categoria\/lubricantes\/"},{"@type":"ListItem","position":4,"name":"Aceite semisint\u00e9tico Maxima 20w50 4 tiempos 1lt."}]},{"@type":"WebSite","@id":"https:\/\/r85motos.cl\/r85\/#website","url":"https:\/\/r85motos.cl\/r85\/","name":"R85 Motos","description":"Taller mec\u00e1nico de motos y servicio a domicilio","publisher":{"@id":"https:\/\/r85motos.cl\/r85\/#organization"},"potentialAction":[{"@type":"SearchAction","target":{"@type":"EntryPoint","urlTemplate":"https:\/\/r85motos.cl\/r85\/?s={search_term_string}"},"query-input":{"@type":"PropertyValueSpecification","valueRequired":true,"valueName":"search_term_string"}}],"inLanguage":"es"},{"@type":"Organization","@id":"https:\/\/r85motos.cl\/r85\/#organization","name":"R85 Motos Spa","url":"https:\/\/r85motos.cl\/r85\/","logo":{"@type":"ImageObject","inLanguage":"es","@id":"https:\/\/r85motos.cl\/r85\/#\/schema\/logo\/image\/","url":"https:\/\/r85motos.cl\/r85\/wp-content\/uploads\/2019\/11\/Captura-de-pantalla-de-2019-11-04-16-48-35-e1572919537689.png","contentUrl":"https:\/\/r85motos.cl\/r85\/wp-content\/uploads\/2019\/11\/Captura-de-pantalla-de-2019-11-04-16-48-35-e1572919537689.png","width":300,"height":147,"caption":"R85 Motos Spa"},"image":{"@id":"https:\/\/r85motos.cl\/r85\/#\/schema\/logo\/image\/"},"sameAs":["https:\/\/www.facebook.com\/R85Motos","https:\/\/www.instagram.com\/r85motos\/","https:\/\/www.youtube.com\/channel\/UCoNJWiikfABGb-w1m60BWpQ"]}]}},"_links":{"self":[{"href":"https:\/\/r85motos.cl\/r85\/wp-json\/wp\/v2\/product\/2433"}],"collection":[{"href":"https:\/\/r85motos.cl\/r85\/wp-json\/wp\/v2\/product"}],"about":[{"href":"https:\/\/r85motos.cl\/r85\/wp-json\/wp\/v2\/types\/product"}],"replies":[{"embeddable":true,"href":"https:\/\/r85motos.cl\/r85\/wp-json\/wp\/v2\/comments?post=2433"}],"version-history":[{"count":4,"href":"https:\/\/r85motos.cl\/r85\/wp-json\/wp\/v2\/product\/2433\/revisions"}],"predecessor-version":[{"id":9073,"href":"https:\/\/r85motos.cl\/r85\/wp-json\/wp\/v2\/product\/2433\/revisions\/9073"}],"wp:featuredmedia":[{"embeddable":true,"href":"https:\/\/r85motos.cl\/r85\/wp-json\/wp\/v2\/media\/2438"}],"wp:attachment":[{"href":"https:\/\/r85motos.cl\/r85\/wp-json\/wp\/v2\/media?parent=2433"}],"curies":[{"name":"wp","href":"https:\/\/api.w.org\/{rel}","templated":true}]}}