{"id":2464,"date":"2020-01-10T17:02:04","date_gmt":"2020-01-10T20:02:04","guid":{"rendered":"https:\/\/r85motos.cl\/r85\/?post_type=product&#038;p=2464"},"modified":"2024-06-12T04:13:56","modified_gmt":"2024-06-12T07:13:56","slug":"kit-de-mantenimiento-para-yamaha-yzf-r15","status":"publish","type":"product","link":"https:\/\/r85motos.cl\/r85\/tienda\/por-marca\/yamaha\/kit-de-mantenimiento-para-yamaha-yzf-r15\/","title":{"rendered":"Kit de Mantenimiento Yamaha YZF-R15"},"content":{"rendered":"<p>Kit de Mantenimiento Para Yamaha YZF-R15<\/p>\n<p>El kit de mantenimiento de la motocicleta Yamaha YZF-R15, otorga a nuestros clientes los productos necesarios para realizar una\u00a0 mantenci\u00f3n b\u00e1sica. Nuestro Kit consta de un Aceite <strong>Maxima<\/strong>\u00a0<strong>Semi Sint\u00e9tico<\/strong>\u00a0<strong>10W40<\/strong> y\u00a0 un Filtro de aceite Hibari<\/p>\n<p>Aceite de motor de 4 tiempos semisint\u00e9tico a base de\u00a0<strong>\u00e9ster<\/strong>, dise\u00f1ado para garantizar una protecci\u00f3n\u00a0\u00f3ptima, un rendimiento m\u00e1ximo y una sensaci\u00f3n de\u00a0embrague positiva. La formulaci\u00f3n de superficie\u00a0activa proporciona un excelente espesor de pel\u00edcula\u00a0y estabilidad de viscosidad en todas las temperaturas\u00a0de operaci\u00f3n. El avanzado sistema de aditivos patentado<\/p>\n<p>mantiene el motor limpio, sin problemas\u00a0y extiende la vida \u00fatil de la m\u00e1quina.<\/p>\n<p>Excede los requisitos de\u00a0<strong>API SL \/ JASO MA2.<\/strong><\/p>\n","protected":false},"excerpt":{"rendered":"<p>El kit de mantenimiento de la motocicleta Yamaha YZF-R15, otorga a nuestros clientes los productos necesarios para realizar una mantenci\u00f3n b\u00e1sica o cambio de aceite. Nuestro Kit consta de un Aceite <strong>Maxima<\/strong>\u00a0<strong>Semi Sint\u00e9tico<\/strong>\u00a0<strong>10W40<\/strong> y\u00a0 un Filtro de aceite Hibari<\/p>\n<p><strong>Aceite:<\/strong> 1 litro Maxima Semi Sint\u00e9tico 4T 10w40<\/p>\n<p><strong>Filtro aceite:<\/strong> Hibari<\/p>\n","protected":false},"featured_media":5195,"comment_status":"closed","ping_status":"closed","template":"","meta":[],"yoast_head":"<!-- This site is optimized with the Yoast SEO plugin v24.0 - https:\/\/yoast.com\/wordpress\/plugins\/seo\/ -->\n<title>Kit de Mantenimiento Yamaha YZF-R15 - R85 Motos<\/title>\n<meta name=\"robots\" content=\"index, follow, max-snippet:-1, max-image-preview:large, max-video-preview:-1\" \/>\n<link rel=\"canonical\" href=\"https:\/\/r85motos.cl\/r85\/tienda\/por-marca\/yamaha\/kit-de-mantenimiento-para-yamaha-yzf-r15\/\" \/>\n<meta property=\"og:locale\" content=\"es_ES\" \/>\n<meta property=\"og:type\" content=\"article\" \/>\n<meta property=\"og:title\" content=\"Kit de Mantenimiento Yamaha YZF-R15 - R85 Motos\" \/>\n<meta property=\"og:description\" content=\"El kit de mantenimiento de la motocicleta Yamaha YZF-R15, otorga a nuestros clientes los productos necesarios para realizar una mantenci\u00f3n b\u00e1sica o cambio de aceite. Nuestro Kit consta de un Aceite Maxima\u00a0Semi Sint\u00e9tico\u00a010W40 y\u00a0 un Filtro de aceite Hibari  Aceite: 1 litro Maxima Semi Sint\u00e9tico 4T 10w40  Filtro aceite: Hibari\" \/>\n<meta property=\"og:url\" content=\"https:\/\/r85motos.cl\/r85\/tienda\/por-marca\/yamaha\/kit-de-mantenimiento-para-yamaha-yzf-r15\/\" \/>\n<meta property=\"og:site_name\" content=\"R85 Motos\" \/>\n<meta property=\"article:publisher\" content=\"https:\/\/www.facebook.com\/R85Motos\" \/>\n<meta property=\"article:modified_time\" content=\"2024-06-12T07:13:56+00:00\" \/>\n<meta property=\"og:image\" content=\"https:\/\/r85motos.cl\/r85\/wp-content\/uploads\/2020\/12\/R15-kit-mantenimiento-cambio-de-aceite-1-litro.jpg\" \/>\n\t<meta property=\"og:image:width\" content=\"600\" \/>\n\t<meta property=\"og:image:height\" content=\"600\" \/>\n\t<meta property=\"og:image:type\" content=\"image\/jpeg\" \/>\n<meta name=\"twitter:card\" content=\"summary_large_image\" \/>\n<meta name=\"twitter:label1\" content=\"Tiempo de lectura\" \/>\n\t<meta name=\"twitter:data1\" content=\"1 minuto\" \/>\n<script type=\"application\/ld+json\" class=\"yoast-schema-graph\">{\"@context\":\"https:\/\/schema.org\",\"@graph\":[{\"@type\":\"WebPage\",\"@id\":\"https:\/\/r85motos.cl\/r85\/tienda\/por-marca\/yamaha\/kit-de-mantenimiento-para-yamaha-yzf-r15\/\",\"url\":\"https:\/\/r85motos.cl\/r85\/tienda\/por-marca\/yamaha\/kit-de-mantenimiento-para-yamaha-yzf-r15\/\",\"name\":\"Kit de Mantenimiento Yamaha YZF-R15 - R85 Motos\",\"isPartOf\":{\"@id\":\"https:\/\/r85motos.cl\/r85\/#website\"},\"primaryImageOfPage\":{\"@id\":\"https:\/\/r85motos.cl\/r85\/tienda\/por-marca\/yamaha\/kit-de-mantenimiento-para-yamaha-yzf-r15\/#primaryimage\"},\"image\":{\"@id\":\"https:\/\/r85motos.cl\/r85\/tienda\/por-marca\/yamaha\/kit-de-mantenimiento-para-yamaha-yzf-r15\/#primaryimage\"},\"thumbnailUrl\":\"https:\/\/r85motos.cl\/r85\/wp-content\/uploads\/2020\/12\/R15-kit-mantenimiento-cambio-de-aceite-1-litro.jpg\",\"datePublished\":\"2020-01-10T20:02:04+00:00\",\"dateModified\":\"2024-06-12T07:13:56+00:00\",\"breadcrumb\":{\"@id\":\"https:\/\/r85motos.cl\/r85\/tienda\/por-marca\/yamaha\/kit-de-mantenimiento-para-yamaha-yzf-r15\/#breadcrumb\"},\"inLanguage\":\"es\",\"potentialAction\":[{\"@type\":\"ReadAction\",\"target\":[\"https:\/\/r85motos.cl\/r85\/tienda\/por-marca\/yamaha\/kit-de-mantenimiento-para-yamaha-yzf-r15\/\"]}]},{\"@type\":\"ImageObject\",\"inLanguage\":\"es\",\"@id\":\"https:\/\/r85motos.cl\/r85\/tienda\/por-marca\/yamaha\/kit-de-mantenimiento-para-yamaha-yzf-r15\/#primaryimage\",\"url\":\"https:\/\/r85motos.cl\/r85\/wp-content\/uploads\/2020\/12\/R15-kit-mantenimiento-cambio-de-aceite-1-litro.jpg\",\"contentUrl\":\"https:\/\/r85motos.cl\/r85\/wp-content\/uploads\/2020\/12\/R15-kit-mantenimiento-cambio-de-aceite-1-litro.jpg\",\"width\":600,\"height\":600},{\"@type\":\"BreadcrumbList\",\"@id\":\"https:\/\/r85motos.cl\/r85\/tienda\/por-marca\/yamaha\/kit-de-mantenimiento-para-yamaha-yzf-r15\/#breadcrumb\",\"itemListElement\":[{\"@type\":\"ListItem\",\"position\":1,\"name\":\"Inicio\",\"item\":\"https:\/\/r85motos.cl\/r85\/\"},{\"@type\":\"ListItem\",\"position\":2,\"name\":\"Tienda\",\"item\":\"https:\/\/r85motos.cl\/r85\/tienda\/\"},{\"@type\":\"ListItem\",\"position\":3,\"name\":\"Kit de mantenimiento\",\"item\":\"https:\/\/r85motos.cl\/r85\/producto-categoria\/kit-de-mantenimiento\/\"},{\"@type\":\"ListItem\",\"position\":4,\"name\":\"Kit de Mantenimiento Yamaha YZF-R15\"}]},{\"@type\":\"WebSite\",\"@id\":\"https:\/\/r85motos.cl\/r85\/#website\",\"url\":\"https:\/\/r85motos.cl\/r85\/\",\"name\":\"R85 Motos\",\"description\":\"Taller mec\u00e1nico de motos y servicio a domicilio\",\"publisher\":{\"@id\":\"https:\/\/r85motos.cl\/r85\/#organization\"},\"potentialAction\":[{\"@type\":\"SearchAction\",\"target\":{\"@type\":\"EntryPoint\",\"urlTemplate\":\"https:\/\/r85motos.cl\/r85\/?s={search_term_string}\"},\"query-input\":{\"@type\":\"PropertyValueSpecification\",\"valueRequired\":true,\"valueName\":\"search_term_string\"}}],\"inLanguage\":\"es\"},{\"@type\":\"Organization\",\"@id\":\"https:\/\/r85motos.cl\/r85\/#organization\",\"name\":\"R85 Motos Spa\",\"url\":\"https:\/\/r85motos.cl\/r85\/\",\"logo\":{\"@type\":\"ImageObject\",\"inLanguage\":\"es\",\"@id\":\"https:\/\/r85motos.cl\/r85\/#\/schema\/logo\/image\/\",\"url\":\"https:\/\/r85motos.cl\/r85\/wp-content\/uploads\/2019\/11\/Captura-de-pantalla-de-2019-11-04-16-48-35-e1572919537689.png\",\"contentUrl\":\"https:\/\/r85motos.cl\/r85\/wp-content\/uploads\/2019\/11\/Captura-de-pantalla-de-2019-11-04-16-48-35-e1572919537689.png\",\"width\":300,\"height\":147,\"caption\":\"R85 Motos Spa\"},\"image\":{\"@id\":\"https:\/\/r85motos.cl\/r85\/#\/schema\/logo\/image\/\"},\"sameAs\":[\"https:\/\/www.facebook.com\/R85Motos\",\"https:\/\/www.instagram.com\/r85motos\/\",\"https:\/\/www.youtube.com\/channel\/UCoNJWiikfABGb-w1m60BWpQ\"]}]}<\/script>\n<!-- \/ Yoast SEO plugin. -->","yoast_head_json":{"title":"Kit de Mantenimiento Yamaha YZF-R15 - R85 Motos","robots":{"index":"index","follow":"follow","max-snippet":"max-snippet:-1","max-image-preview":"max-image-preview:large","max-video-preview":"max-video-preview:-1"},"canonical":"https:\/\/r85motos.cl\/r85\/tienda\/por-marca\/yamaha\/kit-de-mantenimiento-para-yamaha-yzf-r15\/","og_locale":"es_ES","og_type":"article","og_title":"Kit de Mantenimiento Yamaha YZF-R15 - R85 Motos","og_description":"El kit de mantenimiento de la motocicleta Yamaha YZF-R15, otorga a nuestros clientes los productos necesarios para realizar una mantenci\u00f3n b\u00e1sica o cambio de aceite. Nuestro Kit consta de un Aceite Maxima\u00a0Semi Sint\u00e9tico\u00a010W40 y\u00a0 un Filtro de aceite Hibari  Aceite: 1 litro Maxima Semi Sint\u00e9tico 4T 10w40  Filtro aceite: Hibari","og_url":"https:\/\/r85motos.cl\/r85\/tienda\/por-marca\/yamaha\/kit-de-mantenimiento-para-yamaha-yzf-r15\/","og_site_name":"R85 Motos","article_publisher":"https:\/\/www.facebook.com\/R85Motos","article_modified_time":"2024-06-12T07:13:56+00:00","og_image":[{"width":600,"height":600,"url":"https:\/\/r85motos.cl\/r85\/wp-content\/uploads\/2020\/12\/R15-kit-mantenimiento-cambio-de-aceite-1-litro.jpg","type":"image\/jpeg"}],"twitter_card":"summary_large_image","twitter_misc":{"Tiempo de lectura":"1 minuto"},"schema":{"@context":"https:\/\/schema.org","@graph":[{"@type":"WebPage","@id":"https:\/\/r85motos.cl\/r85\/tienda\/por-marca\/yamaha\/kit-de-mantenimiento-para-yamaha-yzf-r15\/","url":"https:\/\/r85motos.cl\/r85\/tienda\/por-marca\/yamaha\/kit-de-mantenimiento-para-yamaha-yzf-r15\/","name":"Kit de Mantenimiento Yamaha YZF-R15 - R85 Motos","isPartOf":{"@id":"https:\/\/r85motos.cl\/r85\/#website"},"primaryImageOfPage":{"@id":"https:\/\/r85motos.cl\/r85\/tienda\/por-marca\/yamaha\/kit-de-mantenimiento-para-yamaha-yzf-r15\/#primaryimage"},"image":{"@id":"https:\/\/r85motos.cl\/r85\/tienda\/por-marca\/yamaha\/kit-de-mantenimiento-para-yamaha-yzf-r15\/#primaryimage"},"thumbnailUrl":"https:\/\/r85motos.cl\/r85\/wp-content\/uploads\/2020\/12\/R15-kit-mantenimiento-cambio-de-aceite-1-litro.jpg","datePublished":"2020-01-10T20:02:04+00:00","dateModified":"2024-06-12T07:13:56+00:00","breadcrumb":{"@id":"https:\/\/r85motos.cl\/r85\/tienda\/por-marca\/yamaha\/kit-de-mantenimiento-para-yamaha-yzf-r15\/#breadcrumb"},"inLanguage":"es","potentialAction":[{"@type":"ReadAction","target":["https:\/\/r85motos.cl\/r85\/tienda\/por-marca\/yamaha\/kit-de-mantenimiento-para-yamaha-yzf-r15\/"]}]},{"@type":"ImageObject","inLanguage":"es","@id":"https:\/\/r85motos.cl\/r85\/tienda\/por-marca\/yamaha\/kit-de-mantenimiento-para-yamaha-yzf-r15\/#primaryimage","url":"https:\/\/r85motos.cl\/r85\/wp-content\/uploads\/2020\/12\/R15-kit-mantenimiento-cambio-de-aceite-1-litro.jpg","contentUrl":"https:\/\/r85motos.cl\/r85\/wp-content\/uploads\/2020\/12\/R15-kit-mantenimiento-cambio-de-aceite-1-litro.jpg","width":600,"height":600},{"@type":"BreadcrumbList","@id":"https:\/\/r85motos.cl\/r85\/tienda\/por-marca\/yamaha\/kit-de-mantenimiento-para-yamaha-yzf-r15\/#breadcrumb","itemListElement":[{"@type":"ListItem","position":1,"name":"Inicio","item":"https:\/\/r85motos.cl\/r85\/"},{"@type":"ListItem","position":2,"name":"Tienda","item":"https:\/\/r85motos.cl\/r85\/tienda\/"},{"@type":"ListItem","position":3,"name":"Kit de mantenimiento","item":"https:\/\/r85motos.cl\/r85\/producto-categoria\/kit-de-mantenimiento\/"},{"@type":"ListItem","position":4,"name":"Kit de Mantenimiento Yamaha YZF-R15"}]},{"@type":"WebSite","@id":"https:\/\/r85motos.cl\/r85\/#website","url":"https:\/\/r85motos.cl\/r85\/","name":"R85 Motos","description":"Taller mec\u00e1nico de motos y servicio a domicilio","publisher":{"@id":"https:\/\/r85motos.cl\/r85\/#organization"},"potentialAction":[{"@type":"SearchAction","target":{"@type":"EntryPoint","urlTemplate":"https:\/\/r85motos.cl\/r85\/?s={search_term_string}"},"query-input":{"@type":"PropertyValueSpecification","valueRequired":true,"valueName":"search_term_string"}}],"inLanguage":"es"},{"@type":"Organization","@id":"https:\/\/r85motos.cl\/r85\/#organization","name":"R85 Motos Spa","url":"https:\/\/r85motos.cl\/r85\/","logo":{"@type":"ImageObject","inLanguage":"es","@id":"https:\/\/r85motos.cl\/r85\/#\/schema\/logo\/image\/","url":"https:\/\/r85motos.cl\/r85\/wp-content\/uploads\/2019\/11\/Captura-de-pantalla-de-2019-11-04-16-48-35-e1572919537689.png","contentUrl":"https:\/\/r85motos.cl\/r85\/wp-content\/uploads\/2019\/11\/Captura-de-pantalla-de-2019-11-04-16-48-35-e1572919537689.png","width":300,"height":147,"caption":"R85 Motos Spa"},"image":{"@id":"https:\/\/r85motos.cl\/r85\/#\/schema\/logo\/image\/"},"sameAs":["https:\/\/www.facebook.com\/R85Motos","https:\/\/www.instagram.com\/r85motos\/","https:\/\/www.youtube.com\/channel\/UCoNJWiikfABGb-w1m60BWpQ"]}]}},"_links":{"self":[{"href":"https:\/\/r85motos.cl\/r85\/wp-json\/wp\/v2\/product\/2464"}],"collection":[{"href":"https:\/\/r85motos.cl\/r85\/wp-json\/wp\/v2\/product"}],"about":[{"href":"https:\/\/r85motos.cl\/r85\/wp-json\/wp\/v2\/types\/product"}],"replies":[{"embeddable":true,"href":"https:\/\/r85motos.cl\/r85\/wp-json\/wp\/v2\/comments?post=2464"}],"version-history":[{"count":3,"href":"https:\/\/r85motos.cl\/r85\/wp-json\/wp\/v2\/product\/2464\/revisions"}],"predecessor-version":[{"id":7575,"href":"https:\/\/r85motos.cl\/r85\/wp-json\/wp\/v2\/product\/2464\/revisions\/7575"}],"wp:featuredmedia":[{"embeddable":true,"href":"https:\/\/r85motos.cl\/r85\/wp-json\/wp\/v2\/media\/5195"}],"wp:attachment":[{"href":"https:\/\/r85motos.cl\/r85\/wp-json\/wp\/v2\/media?parent=2464"}],"curies":[{"name":"wp","href":"https:\/\/api.w.org\/{rel}","templated":true}]}}