{"id":5263,"date":"2020-12-02T13:11:13","date_gmt":"2020-12-02T16:11:13","guid":{"rendered":"https:\/\/r85motos.cl\/r85\/?post_type=product&#038;p=5263"},"modified":"2025-08-30T00:12:45","modified_gmt":"2025-08-30T03:12:45","slug":"honda-xr-250-tornado-servicio-de-mantenimiento-amplio-cada-12-000-km","status":"publish","type":"product","link":"https:\/\/r85motos.cl\/r85\/tienda\/por-marca\/honda\/xr-250-tornado\/honda-xr-250-tornado-servicio-de-mantenimiento-amplio-cada-12-000-km\/","title":{"rendered":"Honda XR 250 Tornado &#8211; Servicio de mantenimiento amplio (cada 12.000 km)"},"content":{"rendered":"<p>El mantenimiento amplio de la motocicleta Honda XR 250 Tornado es cada 12.000 km seg\u00fan el manual del propietario, para preservar el buen estado del motor. En R85 Motos nos apegamos al <a href=\"https:\/\/drive.google.com\/file\/d\/1IzumYk9N7zStugzPPDES8Il45dN9e1Yj\/view?usp=sharing\" target=\"_blank\" rel=\"noopener noreferrer\">manual del propietario Honda XR250<\/a>\u00a0para el uso de repuestos para cada mantenci\u00f3n, adem\u00e1s de la inspecci\u00f3n visual de los diferentes componentes.<\/p>\n<p><strong>La mantenci\u00f3n de tu moto se entrega el mismo d\u00eda.<\/strong><\/p>\n<p>La moto se recibe entre las 9:00 y las 11:00 para ser entregada entre las 15:00 y las 17:00 del mismo d\u00eda. Si tienes dificultades con el horario anterior, ind\u00edcale a nuestros mec\u00e1nico al momento de <strong>AGENDAR HORA<\/strong> para que te podamos ayudar. El valor de la mantenci\u00f3n incluye <strong>repuestos<\/strong> y <strong>mano de obra.<\/strong> Nos apegamos al manual de servicio para realizar el mantenimiento de tu moto seg\u00fan el kilometraje.<\/p>\n<p><b>Repuestos:<\/b><\/p>\n<ul>\n<li>2 litro de Aceite M\u00e1xima SynBlend 20w-50<\/li>\n<li>1 Filtro de aceite Hibari<\/li>\n<li>1 Filtro de aire Hibari<\/li>\n<li>1 Buj\u00eda NGK CR8E o Denso U24ESR-N<\/li>\n<\/ul>\n<p><b>Mano de obra:<\/b><\/p>\n<ul>\n<li><strong>Cambio de aceite<\/strong> y filtro de aceite<\/li>\n<li>Revisi\u00f3n y regulaci\u00f3n sistema de frenos<\/li>\n<li>Regulaci\u00f3n y lubricaci\u00f3n de piolas<\/li>\n<li>Revisi\u00f3n estado de neum\u00e1ticos<\/li>\n<li>Revisi\u00f3n sistema el\u00e9ctrico de carga<\/li>\n<li>Lubricaci\u00f3n y tensado de cadena<\/li>\n<li>Revisi\u00f3n de compresi\u00f3n (seg\u00fan modelo)<\/li>\n<\/ul>\n","protected":false},"excerpt":{"rendered":"<p>El mantenimiento amplio de la motocicleta Honda XR 250 Tornado es cada 12.000 km seg\u00fan el manual del propietario, para preservar el buen estado del motor. En R85 Motos nos apegamos al <a href=\"https:\/\/drive.google.com\/file\/d\/1IzumYk9N7zStugzPPDES8Il45dN9e1Yj\/view?usp=sharing\" target=\"_blank\" rel=\"noopener noreferrer\">manual del propietario Honda XR250<\/a>\u00a0para el uso de repuestos para cada mantenci\u00f3n, adem\u00e1s de la inspecci\u00f3n visual de los diferentes componentes.<\/p>\n<p><strong>La mantenci\u00f3n de tu moto se entrega el mismo d\u00eda.<\/strong><\/p>\n<p>La moto se recibe entre las 9:00 y las 11:00 para ser entregada entre las 15:00 y las 17:00 del mismo d\u00eda. Si tienes dificultades con el horario anterior, ind\u00edcale a nuestros mec\u00e1nico al momento de <strong>AGENDAR HORA<\/strong> para que te podamos ayudar. El valor de la mantenci\u00f3n incluye <strong>repuestos<\/strong> y <strong>mano de obra.<\/strong> Nos apegamos al manual de servicio para realizar el mantenimiento de tu moto seg\u00fan el kilometraje.<\/p>\n<p><b>Repuestos:<\/b><\/p>\n<ul>\n<li>2 litro de Aceite M\u00e1xima SynBlend 20w-50<\/li>\n<li>1 Filtro de aceite Hibari<\/li>\n<li>1 Filtro de aire Hibari<\/li>\n<li>1 Buj\u00eda NGK CR8E o Denso U24ESR-N<\/li>\n<\/ul>\n<p><b>Mano de obra:<\/b><\/p>\n<ul>\n<li><strong>Cambio de aceite<\/strong> y filtro de aceite<\/li>\n<li>Revisi\u00f3n y regulaci\u00f3n sistema de frenos<\/li>\n<li>Regulaci\u00f3n y lubricaci\u00f3n de piolas<\/li>\n<li>Revisi\u00f3n estado de neum\u00e1ticos<\/li>\n<li>Revisi\u00f3n sistema el\u00e9ctrico de carga<\/li>\n<li>Lubricaci\u00f3n y tensado de cadena<\/li>\n<li>Revisi\u00f3n de compresi\u00f3n (seg\u00fan modelo)<\/li>\n<\/ul>\n","protected":false},"featured_media":4412,"comment_status":"closed","ping_status":"closed","template":"page-templates\/r85_mantenimiento_por_km.php","meta":[],"yoast_head":"<!-- This site is optimized with the Yoast SEO plugin v24.0 - https:\/\/yoast.com\/wordpress\/plugins\/seo\/ -->\n<title>Honda XR 250 Tornado - Servicio de mantenimiento amplio (cada 12.000 km) - R85 Motos<\/title>\n<meta name=\"robots\" content=\"index, follow, max-snippet:-1, max-image-preview:large, max-video-preview:-1\" \/>\n<link rel=\"canonical\" href=\"https:\/\/r85motos.cl\/r85\/tienda\/por-marca\/honda\/xr-250-tornado\/honda-xr-250-tornado-servicio-de-mantenimiento-amplio-cada-12-000-km\/\" \/>\n<meta property=\"og:locale\" content=\"es_ES\" \/>\n<meta property=\"og:type\" content=\"article\" \/>\n<meta property=\"og:title\" content=\"Honda XR 250 Tornado - Servicio de mantenimiento amplio (cada 12.000 km) - R85 Motos\" \/>\n<meta property=\"og:description\" content=\"El mantenimiento amplio de la motocicleta Honda XR 250 Tornado es cada 12.000 km seg\u00fan el manual del propietario, para preservar el buen estado del motor. En R85 Motos nos apegamos al manual del propietario Honda XR250\u00a0para el uso de repuestos para cada mantenci\u00f3n, adem\u00e1s de la inspecci\u00f3n visual de los diferentes componentes.  La mantenci\u00f3n de tu moto se entrega el mismo d\u00eda.  La moto se recibe entre las 9:00 y las 11:00 para ser entregada entre las 15:00 y las 17:00 del mismo d\u00eda. Si tienes dificultades con el horario anterior, ind\u00edcale a nuestros mec\u00e1nico al momento de AGENDAR HORA para que te podamos ayudar. El valor de la mantenci\u00f3n incluye repuestos y mano de obra. Nos apegamos al manual de servicio para realizar el mantenimiento de tu moto seg\u00fan el kilometraje.  Repuestos:   2 litro de Aceite M\u00e1xima SynBlend 20w-50  1 Filtro de aceite Hibari  1 Filtro de aire Hibari  1 Buj\u00eda NGK CR8E o Denso U24ESR-N  Mano de obra:   Cambio de aceite y filtro de aceite  Revisi\u00f3n y regulaci\u00f3n sistema de frenos  Regulaci\u00f3n y lubricaci\u00f3n de piolas  Revisi\u00f3n estado de neum\u00e1ticos  Revisi\u00f3n sistema el\u00e9ctrico de carga  Lubricaci\u00f3n y tensado de cadena  Revisi\u00f3n de compresi\u00f3n (seg\u00fan modelo)\" \/>\n<meta property=\"og:url\" content=\"https:\/\/r85motos.cl\/r85\/tienda\/por-marca\/honda\/xr-250-tornado\/honda-xr-250-tornado-servicio-de-mantenimiento-amplio-cada-12-000-km\/\" \/>\n<meta property=\"og:site_name\" content=\"R85 Motos\" \/>\n<meta property=\"article:publisher\" content=\"https:\/\/www.facebook.com\/R85Motos\" \/>\n<meta property=\"article:modified_time\" content=\"2025-08-30T03:12:45+00:00\" \/>\n<meta property=\"og:image\" content=\"https:\/\/r85motos.cl\/r85\/wp-content\/uploads\/2020\/07\/kit-mantenimiento-xr250-tornado.jpg\" \/>\n\t<meta property=\"og:image:width\" content=\"800\" \/>\n\t<meta property=\"og:image:height\" content=\"800\" \/>\n\t<meta property=\"og:image:type\" content=\"image\/jpeg\" \/>\n<meta name=\"twitter:card\" content=\"summary_large_image\" \/>\n<meta name=\"twitter:label1\" content=\"Tiempo de lectura\" \/>\n\t<meta name=\"twitter:data1\" content=\"2 minutos\" \/>\n<script type=\"application\/ld+json\" class=\"yoast-schema-graph\">{\"@context\":\"https:\/\/schema.org\",\"@graph\":[{\"@type\":\"WebPage\",\"@id\":\"https:\/\/r85motos.cl\/r85\/tienda\/por-marca\/honda\/xr-250-tornado\/honda-xr-250-tornado-servicio-de-mantenimiento-amplio-cada-12-000-km\/\",\"url\":\"https:\/\/r85motos.cl\/r85\/tienda\/por-marca\/honda\/xr-250-tornado\/honda-xr-250-tornado-servicio-de-mantenimiento-amplio-cada-12-000-km\/\",\"name\":\"Honda XR 250 Tornado - Servicio de mantenimiento amplio (cada 12.000 km) - R85 Motos\",\"isPartOf\":{\"@id\":\"https:\/\/r85motos.cl\/r85\/#website\"},\"primaryImageOfPage\":{\"@id\":\"https:\/\/r85motos.cl\/r85\/tienda\/por-marca\/honda\/xr-250-tornado\/honda-xr-250-tornado-servicio-de-mantenimiento-amplio-cada-12-000-km\/#primaryimage\"},\"image\":{\"@id\":\"https:\/\/r85motos.cl\/r85\/tienda\/por-marca\/honda\/xr-250-tornado\/honda-xr-250-tornado-servicio-de-mantenimiento-amplio-cada-12-000-km\/#primaryimage\"},\"thumbnailUrl\":\"https:\/\/r85motos.cl\/r85\/wp-content\/uploads\/2020\/07\/kit-mantenimiento-xr250-tornado.jpg\",\"datePublished\":\"2020-12-02T16:11:13+00:00\",\"dateModified\":\"2025-08-30T03:12:45+00:00\",\"breadcrumb\":{\"@id\":\"https:\/\/r85motos.cl\/r85\/tienda\/por-marca\/honda\/xr-250-tornado\/honda-xr-250-tornado-servicio-de-mantenimiento-amplio-cada-12-000-km\/#breadcrumb\"},\"inLanguage\":\"es\",\"potentialAction\":[{\"@type\":\"ReadAction\",\"target\":[\"https:\/\/r85motos.cl\/r85\/tienda\/por-marca\/honda\/xr-250-tornado\/honda-xr-250-tornado-servicio-de-mantenimiento-amplio-cada-12-000-km\/\"]}]},{\"@type\":\"ImageObject\",\"inLanguage\":\"es\",\"@id\":\"https:\/\/r85motos.cl\/r85\/tienda\/por-marca\/honda\/xr-250-tornado\/honda-xr-250-tornado-servicio-de-mantenimiento-amplio-cada-12-000-km\/#primaryimage\",\"url\":\"https:\/\/r85motos.cl\/r85\/wp-content\/uploads\/2020\/07\/kit-mantenimiento-xr250-tornado.jpg\",\"contentUrl\":\"https:\/\/r85motos.cl\/r85\/wp-content\/uploads\/2020\/07\/kit-mantenimiento-xr250-tornado.jpg\",\"width\":800,\"height\":800},{\"@type\":\"BreadcrumbList\",\"@id\":\"https:\/\/r85motos.cl\/r85\/tienda\/por-marca\/honda\/xr-250-tornado\/honda-xr-250-tornado-servicio-de-mantenimiento-amplio-cada-12-000-km\/#breadcrumb\",\"itemListElement\":[{\"@type\":\"ListItem\",\"position\":1,\"name\":\"Inicio\",\"item\":\"https:\/\/r85motos.cl\/r85\/\"},{\"@type\":\"ListItem\",\"position\":2,\"name\":\"Tienda\",\"item\":\"https:\/\/r85motos.cl\/r85\/tienda\/\"},{\"@type\":\"ListItem\",\"position\":3,\"name\":\"Por Motocicleta\",\"item\":\"https:\/\/r85motos.cl\/r85\/producto-categoria\/por-marca\/\"},{\"@type\":\"ListItem\",\"position\":4,\"name\":\"Honda\",\"item\":\"https:\/\/r85motos.cl\/r85\/producto-categoria\/por-marca\/honda\/\"},{\"@type\":\"ListItem\",\"position\":5,\"name\":\"XR 250 Tornado\",\"item\":\"https:\/\/r85motos.cl\/r85\/producto-categoria\/por-marca\/honda\/xr-250-tornado\/\"},{\"@type\":\"ListItem\",\"position\":6,\"name\":\"Honda XR 250 Tornado &#8211; Servicio de mantenimiento amplio (cada 12.000 km)\"}]},{\"@type\":\"WebSite\",\"@id\":\"https:\/\/r85motos.cl\/r85\/#website\",\"url\":\"https:\/\/r85motos.cl\/r85\/\",\"name\":\"R85 Motos\",\"description\":\"Taller mec\u00e1nico de motos y servicio a domicilio\",\"publisher\":{\"@id\":\"https:\/\/r85motos.cl\/r85\/#organization\"},\"potentialAction\":[{\"@type\":\"SearchAction\",\"target\":{\"@type\":\"EntryPoint\",\"urlTemplate\":\"https:\/\/r85motos.cl\/r85\/?s={search_term_string}\"},\"query-input\":{\"@type\":\"PropertyValueSpecification\",\"valueRequired\":true,\"valueName\":\"search_term_string\"}}],\"inLanguage\":\"es\"},{\"@type\":\"Organization\",\"@id\":\"https:\/\/r85motos.cl\/r85\/#organization\",\"name\":\"R85 Motos Spa\",\"url\":\"https:\/\/r85motos.cl\/r85\/\",\"logo\":{\"@type\":\"ImageObject\",\"inLanguage\":\"es\",\"@id\":\"https:\/\/r85motos.cl\/r85\/#\/schema\/logo\/image\/\",\"url\":\"https:\/\/r85motos.cl\/r85\/wp-content\/uploads\/2019\/11\/Captura-de-pantalla-de-2019-11-04-16-48-35-e1572919537689.png\",\"contentUrl\":\"https:\/\/r85motos.cl\/r85\/wp-content\/uploads\/2019\/11\/Captura-de-pantalla-de-2019-11-04-16-48-35-e1572919537689.png\",\"width\":300,\"height\":147,\"caption\":\"R85 Motos Spa\"},\"image\":{\"@id\":\"https:\/\/r85motos.cl\/r85\/#\/schema\/logo\/image\/\"},\"sameAs\":[\"https:\/\/www.facebook.com\/R85Motos\",\"https:\/\/www.instagram.com\/r85motos\/\",\"https:\/\/www.youtube.com\/channel\/UCoNJWiikfABGb-w1m60BWpQ\"]}]}<\/script>\n<!-- \/ Yoast SEO plugin. -->","yoast_head_json":{"title":"Honda XR 250 Tornado - Servicio de mantenimiento amplio (cada 12.000 km) - R85 Motos","robots":{"index":"index","follow":"follow","max-snippet":"max-snippet:-1","max-image-preview":"max-image-preview:large","max-video-preview":"max-video-preview:-1"},"canonical":"https:\/\/r85motos.cl\/r85\/tienda\/por-marca\/honda\/xr-250-tornado\/honda-xr-250-tornado-servicio-de-mantenimiento-amplio-cada-12-000-km\/","og_locale":"es_ES","og_type":"article","og_title":"Honda XR 250 Tornado - Servicio de mantenimiento amplio (cada 12.000 km) - R85 Motos","og_description":"El mantenimiento amplio de la motocicleta Honda XR 250 Tornado es cada 12.000 km seg\u00fan el manual del propietario, para preservar el buen estado del motor. En R85 Motos nos apegamos al manual del propietario Honda XR250\u00a0para el uso de repuestos para cada mantenci\u00f3n, adem\u00e1s de la inspecci\u00f3n visual de los diferentes componentes.  La mantenci\u00f3n de tu moto se entrega el mismo d\u00eda.  La moto se recibe entre las 9:00 y las 11:00 para ser entregada entre las 15:00 y las 17:00 del mismo d\u00eda. Si tienes dificultades con el horario anterior, ind\u00edcale a nuestros mec\u00e1nico al momento de AGENDAR HORA para que te podamos ayudar. El valor de la mantenci\u00f3n incluye repuestos y mano de obra. Nos apegamos al manual de servicio para realizar el mantenimiento de tu moto seg\u00fan el kilometraje.  Repuestos:   2 litro de Aceite M\u00e1xima SynBlend 20w-50  1 Filtro de aceite Hibari  1 Filtro de aire Hibari  1 Buj\u00eda NGK CR8E o Denso U24ESR-N  Mano de obra:   Cambio de aceite y filtro de aceite  Revisi\u00f3n y regulaci\u00f3n sistema de frenos  Regulaci\u00f3n y lubricaci\u00f3n de piolas  Revisi\u00f3n estado de neum\u00e1ticos  Revisi\u00f3n sistema el\u00e9ctrico de carga  Lubricaci\u00f3n y tensado de cadena  Revisi\u00f3n de compresi\u00f3n (seg\u00fan modelo)","og_url":"https:\/\/r85motos.cl\/r85\/tienda\/por-marca\/honda\/xr-250-tornado\/honda-xr-250-tornado-servicio-de-mantenimiento-amplio-cada-12-000-km\/","og_site_name":"R85 Motos","article_publisher":"https:\/\/www.facebook.com\/R85Motos","article_modified_time":"2025-08-30T03:12:45+00:00","og_image":[{"width":800,"height":800,"url":"https:\/\/r85motos.cl\/r85\/wp-content\/uploads\/2020\/07\/kit-mantenimiento-xr250-tornado.jpg","type":"image\/jpeg"}],"twitter_card":"summary_large_image","twitter_misc":{"Tiempo de lectura":"2 minutos"},"schema":{"@context":"https:\/\/schema.org","@graph":[{"@type":"WebPage","@id":"https:\/\/r85motos.cl\/r85\/tienda\/por-marca\/honda\/xr-250-tornado\/honda-xr-250-tornado-servicio-de-mantenimiento-amplio-cada-12-000-km\/","url":"https:\/\/r85motos.cl\/r85\/tienda\/por-marca\/honda\/xr-250-tornado\/honda-xr-250-tornado-servicio-de-mantenimiento-amplio-cada-12-000-km\/","name":"Honda XR 250 Tornado - Servicio de mantenimiento amplio (cada 12.000 km) - R85 Motos","isPartOf":{"@id":"https:\/\/r85motos.cl\/r85\/#website"},"primaryImageOfPage":{"@id":"https:\/\/r85motos.cl\/r85\/tienda\/por-marca\/honda\/xr-250-tornado\/honda-xr-250-tornado-servicio-de-mantenimiento-amplio-cada-12-000-km\/#primaryimage"},"image":{"@id":"https:\/\/r85motos.cl\/r85\/tienda\/por-marca\/honda\/xr-250-tornado\/honda-xr-250-tornado-servicio-de-mantenimiento-amplio-cada-12-000-km\/#primaryimage"},"thumbnailUrl":"https:\/\/r85motos.cl\/r85\/wp-content\/uploads\/2020\/07\/kit-mantenimiento-xr250-tornado.jpg","datePublished":"2020-12-02T16:11:13+00:00","dateModified":"2025-08-30T03:12:45+00:00","breadcrumb":{"@id":"https:\/\/r85motos.cl\/r85\/tienda\/por-marca\/honda\/xr-250-tornado\/honda-xr-250-tornado-servicio-de-mantenimiento-amplio-cada-12-000-km\/#breadcrumb"},"inLanguage":"es","potentialAction":[{"@type":"ReadAction","target":["https:\/\/r85motos.cl\/r85\/tienda\/por-marca\/honda\/xr-250-tornado\/honda-xr-250-tornado-servicio-de-mantenimiento-amplio-cada-12-000-km\/"]}]},{"@type":"ImageObject","inLanguage":"es","@id":"https:\/\/r85motos.cl\/r85\/tienda\/por-marca\/honda\/xr-250-tornado\/honda-xr-250-tornado-servicio-de-mantenimiento-amplio-cada-12-000-km\/#primaryimage","url":"https:\/\/r85motos.cl\/r85\/wp-content\/uploads\/2020\/07\/kit-mantenimiento-xr250-tornado.jpg","contentUrl":"https:\/\/r85motos.cl\/r85\/wp-content\/uploads\/2020\/07\/kit-mantenimiento-xr250-tornado.jpg","width":800,"height":800},{"@type":"BreadcrumbList","@id":"https:\/\/r85motos.cl\/r85\/tienda\/por-marca\/honda\/xr-250-tornado\/honda-xr-250-tornado-servicio-de-mantenimiento-amplio-cada-12-000-km\/#breadcrumb","itemListElement":[{"@type":"ListItem","position":1,"name":"Inicio","item":"https:\/\/r85motos.cl\/r85\/"},{"@type":"ListItem","position":2,"name":"Tienda","item":"https:\/\/r85motos.cl\/r85\/tienda\/"},{"@type":"ListItem","position":3,"name":"Por Motocicleta","item":"https:\/\/r85motos.cl\/r85\/producto-categoria\/por-marca\/"},{"@type":"ListItem","position":4,"name":"Honda","item":"https:\/\/r85motos.cl\/r85\/producto-categoria\/por-marca\/honda\/"},{"@type":"ListItem","position":5,"name":"XR 250 Tornado","item":"https:\/\/r85motos.cl\/r85\/producto-categoria\/por-marca\/honda\/xr-250-tornado\/"},{"@type":"ListItem","position":6,"name":"Honda XR 250 Tornado &#8211; Servicio de mantenimiento amplio (cada 12.000 km)"}]},{"@type":"WebSite","@id":"https:\/\/r85motos.cl\/r85\/#website","url":"https:\/\/r85motos.cl\/r85\/","name":"R85 Motos","description":"Taller mec\u00e1nico de motos y servicio a domicilio","publisher":{"@id":"https:\/\/r85motos.cl\/r85\/#organization"},"potentialAction":[{"@type":"SearchAction","target":{"@type":"EntryPoint","urlTemplate":"https:\/\/r85motos.cl\/r85\/?s={search_term_string}"},"query-input":{"@type":"PropertyValueSpecification","valueRequired":true,"valueName":"search_term_string"}}],"inLanguage":"es"},{"@type":"Organization","@id":"https:\/\/r85motos.cl\/r85\/#organization","name":"R85 Motos Spa","url":"https:\/\/r85motos.cl\/r85\/","logo":{"@type":"ImageObject","inLanguage":"es","@id":"https:\/\/r85motos.cl\/r85\/#\/schema\/logo\/image\/","url":"https:\/\/r85motos.cl\/r85\/wp-content\/uploads\/2019\/11\/Captura-de-pantalla-de-2019-11-04-16-48-35-e1572919537689.png","contentUrl":"https:\/\/r85motos.cl\/r85\/wp-content\/uploads\/2019\/11\/Captura-de-pantalla-de-2019-11-04-16-48-35-e1572919537689.png","width":300,"height":147,"caption":"R85 Motos Spa"},"image":{"@id":"https:\/\/r85motos.cl\/r85\/#\/schema\/logo\/image\/"},"sameAs":["https:\/\/www.facebook.com\/R85Motos","https:\/\/www.instagram.com\/r85motos\/","https:\/\/www.youtube.com\/channel\/UCoNJWiikfABGb-w1m60BWpQ"]}]}},"_links":{"self":[{"href":"https:\/\/r85motos.cl\/r85\/wp-json\/wp\/v2\/product\/5263"}],"collection":[{"href":"https:\/\/r85motos.cl\/r85\/wp-json\/wp\/v2\/product"}],"about":[{"href":"https:\/\/r85motos.cl\/r85\/wp-json\/wp\/v2\/types\/product"}],"replies":[{"embeddable":true,"href":"https:\/\/r85motos.cl\/r85\/wp-json\/wp\/v2\/comments?post=5263"}],"version-history":[{"count":7,"href":"https:\/\/r85motos.cl\/r85\/wp-json\/wp\/v2\/product\/5263\/revisions"}],"predecessor-version":[{"id":9289,"href":"https:\/\/r85motos.cl\/r85\/wp-json\/wp\/v2\/product\/5263\/revisions\/9289"}],"wp:featuredmedia":[{"embeddable":true,"href":"https:\/\/r85motos.cl\/r85\/wp-json\/wp\/v2\/media\/4412"}],"wp:attachment":[{"href":"https:\/\/r85motos.cl\/r85\/wp-json\/wp\/v2\/media?parent=5263"}],"curies":[{"name":"wp","href":"https:\/\/api.w.org\/{rel}","templated":true}]}}