{"id":9130,"date":"2022-08-10T11:55:14","date_gmt":"2022-08-10T14:55:14","guid":{"rendered":"https:\/\/r85motos.cl\/r85\/?post_type=product&#038;p=9130"},"modified":"2024-06-13T01:42:43","modified_gmt":"2024-06-13T04:42:43","slug":"bajaj-pulsar-ns-200-servicio-de-mantenimiento-habitual-1-000-km-y-cada-5-000-km","status":"publish","type":"product","link":"https:\/\/r85motos.cl\/r85\/tienda\/por-marca\/bajaj\/pulsar-200ns\/bajaj-pulsar-ns-200-servicio-de-mantenimiento-habitual-1-000-km-y-cada-5-000-km\/","title":{"rendered":"Bajaj Pulsar NS 200 &#8211; Servicio de mantenimiento habitual (1.000 km y cada 5.000 km)"},"content":{"rendered":"<p>El mantenimiento de esta motocicleta es cada 5.000 km seg\u00fan el manual del propietario, para preservar el buen estado del motor. En R85 Motos nos apegamos al manual del propietario para el uso de repuestos para cada mantenci\u00f3n, adem\u00e1s de la inspecci\u00f3n visual de los diferentes componentes.<\/p>\n<p><b>Repuestos:<\/b><\/p>\n<ul>\n<li>2 lt Aceite Maxima full sint\u00e9tico 10w40<\/li>\n<li>1 Filtro de aceite Hiflofiltro HF155<\/li>\n<\/ul>\n<p><b>Mano de obra:<\/b><\/p>\n<ul>\n<li>Cambio de aceite y filtro de aceite<\/li>\n<li>Revisi\u00f3n y regulaci\u00f3n sistema de frenos<\/li>\n<li>Regulaci\u00f3n y lubricaci\u00f3n de piolas<\/li>\n<li>Revisi\u00f3n estado de neum\u00e1ticos<\/li>\n<li>Revisi\u00f3n sistema el\u00e9ctrico de carga<\/li>\n<li>Lubricaci\u00f3n y tensado de cadena<\/li>\n<li>Revisi\u00f3n de compresi\u00f3n (seg\u00fan modelo)<\/li>\n<\/ul>\n","protected":false},"excerpt":{"rendered":"<p>El mantenimiento de esta motocicleta es cada 5.000 km seg\u00fan el manual del propietario, para preservar el buen estado del motor. En R85 Motos nos apegamos al manual del propietario para el uso de repuestos para cada mantenci\u00f3n, adem\u00e1s de la inspecci\u00f3n visual de los diferentes componentes.<\/p>\n<p><b>Repuestos:<\/b><\/p>\n<ul>\n<li>2 lt Aceite Maxima full sint\u00e9tico 10w40<\/li>\n<li>1 Filtro de aceite Hibari<\/li>\n<\/ul>\n<p><b>Mano de obra:<\/b><\/p>\n<ul>\n<li>Cambio de aceite y filtro de aceite<\/li>\n<li>Revisi\u00f3n y regulaci\u00f3n sistema de frenos<\/li>\n<li>Regulaci\u00f3n y lubricaci\u00f3n de piolas<\/li>\n<li>Revisi\u00f3n estado de neum\u00e1ticos<\/li>\n<li>Revisi\u00f3n sistema el\u00e9ctrico de carga<\/li>\n<li>Lubricaci\u00f3n y tensado de cadena<\/li>\n<li>Revisi\u00f3n de compresi\u00f3n (seg\u00fan modelo)<\/li>\n<\/ul>\n","protected":false},"featured_media":9131,"comment_status":"closed","ping_status":"closed","template":"page-templates\/r85_mantenimiento_por_km.php","meta":[],"yoast_head":"<!-- This site is optimized with the Yoast SEO plugin v24.0 - https:\/\/yoast.com\/wordpress\/plugins\/seo\/ -->\n<title>Bajaj Pulsar NS 200 - Servicio de mantenimiento habitual (1.000 km y cada 5.000 km) - R85 Motos<\/title>\n<meta name=\"robots\" content=\"index, follow, max-snippet:-1, max-image-preview:large, max-video-preview:-1\" \/>\n<link rel=\"canonical\" href=\"https:\/\/r85motos.cl\/r85\/tienda\/por-marca\/bajaj\/pulsar-200ns\/bajaj-pulsar-ns-200-servicio-de-mantenimiento-habitual-1-000-km-y-cada-5-000-km\/\" \/>\n<meta property=\"og:locale\" content=\"es_ES\" \/>\n<meta property=\"og:type\" content=\"article\" \/>\n<meta property=\"og:title\" content=\"Bajaj Pulsar NS 200 - Servicio de mantenimiento habitual (1.000 km y cada 5.000 km) - R85 Motos\" \/>\n<meta property=\"og:description\" content=\"El mantenimiento de esta motocicleta es cada 5.000 km seg\u00fan el manual del propietario, para preservar el buen estado del motor. En R85 Motos nos apegamos al manual del propietario para el uso de repuestos para cada mantenci\u00f3n, adem\u00e1s de la inspecci\u00f3n visual de los diferentes componentes.  Repuestos:   2 lt Aceite Maxima full sint\u00e9tico 10w40  1 Filtro de aceite Hibari  Mano de obra:   Cambio de aceite y filtro de aceite  Revisi\u00f3n y regulaci\u00f3n sistema de frenos  Regulaci\u00f3n y lubricaci\u00f3n de piolas  Revisi\u00f3n estado de neum\u00e1ticos  Revisi\u00f3n sistema el\u00e9ctrico de carga  Lubricaci\u00f3n y tensado de cadena  Revisi\u00f3n de compresi\u00f3n (seg\u00fan modelo)\" \/>\n<meta property=\"og:url\" content=\"https:\/\/r85motos.cl\/r85\/tienda\/por-marca\/bajaj\/pulsar-200ns\/bajaj-pulsar-ns-200-servicio-de-mantenimiento-habitual-1-000-km-y-cada-5-000-km\/\" \/>\n<meta property=\"og:site_name\" content=\"R85 Motos\" \/>\n<meta property=\"article:publisher\" content=\"https:\/\/www.facebook.com\/R85Motos\" \/>\n<meta property=\"article:modified_time\" content=\"2024-06-13T04:42:43+00:00\" \/>\n<meta property=\"og:image\" content=\"https:\/\/r85motos.cl\/r85\/wp-content\/uploads\/2022\/08\/Servicio-frenos-pulsar200.jpg\" \/>\n\t<meta property=\"og:image:width\" content=\"600\" \/>\n\t<meta property=\"og:image:height\" content=\"600\" \/>\n\t<meta property=\"og:image:type\" content=\"image\/jpeg\" \/>\n<meta name=\"twitter:card\" content=\"summary_large_image\" \/>\n<meta name=\"twitter:label1\" content=\"Tiempo de lectura\" \/>\n\t<meta name=\"twitter:data1\" content=\"1 minuto\" \/>\n<script type=\"application\/ld+json\" class=\"yoast-schema-graph\">{\"@context\":\"https:\/\/schema.org\",\"@graph\":[{\"@type\":\"WebPage\",\"@id\":\"https:\/\/r85motos.cl\/r85\/tienda\/por-marca\/bajaj\/pulsar-200ns\/bajaj-pulsar-ns-200-servicio-de-mantenimiento-habitual-1-000-km-y-cada-5-000-km\/\",\"url\":\"https:\/\/r85motos.cl\/r85\/tienda\/por-marca\/bajaj\/pulsar-200ns\/bajaj-pulsar-ns-200-servicio-de-mantenimiento-habitual-1-000-km-y-cada-5-000-km\/\",\"name\":\"Bajaj Pulsar NS 200 - Servicio de mantenimiento habitual (1.000 km y cada 5.000 km) - R85 Motos\",\"isPartOf\":{\"@id\":\"https:\/\/r85motos.cl\/r85\/#website\"},\"primaryImageOfPage\":{\"@id\":\"https:\/\/r85motos.cl\/r85\/tienda\/por-marca\/bajaj\/pulsar-200ns\/bajaj-pulsar-ns-200-servicio-de-mantenimiento-habitual-1-000-km-y-cada-5-000-km\/#primaryimage\"},\"image\":{\"@id\":\"https:\/\/r85motos.cl\/r85\/tienda\/por-marca\/bajaj\/pulsar-200ns\/bajaj-pulsar-ns-200-servicio-de-mantenimiento-habitual-1-000-km-y-cada-5-000-km\/#primaryimage\"},\"thumbnailUrl\":\"https:\/\/r85motos.cl\/r85\/wp-content\/uploads\/2022\/08\/Servicio-frenos-pulsar200.jpg\",\"datePublished\":\"2022-08-10T14:55:14+00:00\",\"dateModified\":\"2024-06-13T04:42:43+00:00\",\"breadcrumb\":{\"@id\":\"https:\/\/r85motos.cl\/r85\/tienda\/por-marca\/bajaj\/pulsar-200ns\/bajaj-pulsar-ns-200-servicio-de-mantenimiento-habitual-1-000-km-y-cada-5-000-km\/#breadcrumb\"},\"inLanguage\":\"es\",\"potentialAction\":[{\"@type\":\"ReadAction\",\"target\":[\"https:\/\/r85motos.cl\/r85\/tienda\/por-marca\/bajaj\/pulsar-200ns\/bajaj-pulsar-ns-200-servicio-de-mantenimiento-habitual-1-000-km-y-cada-5-000-km\/\"]}]},{\"@type\":\"ImageObject\",\"inLanguage\":\"es\",\"@id\":\"https:\/\/r85motos.cl\/r85\/tienda\/por-marca\/bajaj\/pulsar-200ns\/bajaj-pulsar-ns-200-servicio-de-mantenimiento-habitual-1-000-km-y-cada-5-000-km\/#primaryimage\",\"url\":\"https:\/\/r85motos.cl\/r85\/wp-content\/uploads\/2022\/08\/Servicio-frenos-pulsar200.jpg\",\"contentUrl\":\"https:\/\/r85motos.cl\/r85\/wp-content\/uploads\/2022\/08\/Servicio-frenos-pulsar200.jpg\",\"width\":600,\"height\":600},{\"@type\":\"BreadcrumbList\",\"@id\":\"https:\/\/r85motos.cl\/r85\/tienda\/por-marca\/bajaj\/pulsar-200ns\/bajaj-pulsar-ns-200-servicio-de-mantenimiento-habitual-1-000-km-y-cada-5-000-km\/#breadcrumb\",\"itemListElement\":[{\"@type\":\"ListItem\",\"position\":1,\"name\":\"Inicio\",\"item\":\"https:\/\/r85motos.cl\/r85\/\"},{\"@type\":\"ListItem\",\"position\":2,\"name\":\"Tienda\",\"item\":\"https:\/\/r85motos.cl\/r85\/tienda\/\"},{\"@type\":\"ListItem\",\"position\":3,\"name\":\"Mantenimiento por kilometraje\",\"item\":\"https:\/\/r85motos.cl\/r85\/producto-categoria\/mantenimiento-por-kilometraje\/\"},{\"@type\":\"ListItem\",\"position\":4,\"name\":\"Bajaj Pulsar NS 200 &#8211; Servicio de mantenimiento habitual (1.000 km y cada 5.000 km)\"}]},{\"@type\":\"WebSite\",\"@id\":\"https:\/\/r85motos.cl\/r85\/#website\",\"url\":\"https:\/\/r85motos.cl\/r85\/\",\"name\":\"R85 Motos\",\"description\":\"Taller mec\u00e1nico de motos y servicio a domicilio\",\"publisher\":{\"@id\":\"https:\/\/r85motos.cl\/r85\/#organization\"},\"potentialAction\":[{\"@type\":\"SearchAction\",\"target\":{\"@type\":\"EntryPoint\",\"urlTemplate\":\"https:\/\/r85motos.cl\/r85\/?s={search_term_string}\"},\"query-input\":{\"@type\":\"PropertyValueSpecification\",\"valueRequired\":true,\"valueName\":\"search_term_string\"}}],\"inLanguage\":\"es\"},{\"@type\":\"Organization\",\"@id\":\"https:\/\/r85motos.cl\/r85\/#organization\",\"name\":\"R85 Motos Spa\",\"url\":\"https:\/\/r85motos.cl\/r85\/\",\"logo\":{\"@type\":\"ImageObject\",\"inLanguage\":\"es\",\"@id\":\"https:\/\/r85motos.cl\/r85\/#\/schema\/logo\/image\/\",\"url\":\"https:\/\/r85motos.cl\/r85\/wp-content\/uploads\/2019\/11\/Captura-de-pantalla-de-2019-11-04-16-48-35-e1572919537689.png\",\"contentUrl\":\"https:\/\/r85motos.cl\/r85\/wp-content\/uploads\/2019\/11\/Captura-de-pantalla-de-2019-11-04-16-48-35-e1572919537689.png\",\"width\":300,\"height\":147,\"caption\":\"R85 Motos Spa\"},\"image\":{\"@id\":\"https:\/\/r85motos.cl\/r85\/#\/schema\/logo\/image\/\"},\"sameAs\":[\"https:\/\/www.facebook.com\/R85Motos\",\"https:\/\/www.instagram.com\/r85motos\/\",\"https:\/\/www.youtube.com\/channel\/UCoNJWiikfABGb-w1m60BWpQ\"]}]}<\/script>\n<!-- \/ Yoast SEO plugin. -->","yoast_head_json":{"title":"Bajaj Pulsar NS 200 - Servicio de mantenimiento habitual (1.000 km y cada 5.000 km) - R85 Motos","robots":{"index":"index","follow":"follow","max-snippet":"max-snippet:-1","max-image-preview":"max-image-preview:large","max-video-preview":"max-video-preview:-1"},"canonical":"https:\/\/r85motos.cl\/r85\/tienda\/por-marca\/bajaj\/pulsar-200ns\/bajaj-pulsar-ns-200-servicio-de-mantenimiento-habitual-1-000-km-y-cada-5-000-km\/","og_locale":"es_ES","og_type":"article","og_title":"Bajaj Pulsar NS 200 - Servicio de mantenimiento habitual (1.000 km y cada 5.000 km) - R85 Motos","og_description":"El mantenimiento de esta motocicleta es cada 5.000 km seg\u00fan el manual del propietario, para preservar el buen estado del motor. En R85 Motos nos apegamos al manual del propietario para el uso de repuestos para cada mantenci\u00f3n, adem\u00e1s de la inspecci\u00f3n visual de los diferentes componentes.  Repuestos:   2 lt Aceite Maxima full sint\u00e9tico 10w40  1 Filtro de aceite Hibari  Mano de obra:   Cambio de aceite y filtro de aceite  Revisi\u00f3n y regulaci\u00f3n sistema de frenos  Regulaci\u00f3n y lubricaci\u00f3n de piolas  Revisi\u00f3n estado de neum\u00e1ticos  Revisi\u00f3n sistema el\u00e9ctrico de carga  Lubricaci\u00f3n y tensado de cadena  Revisi\u00f3n de compresi\u00f3n (seg\u00fan modelo)","og_url":"https:\/\/r85motos.cl\/r85\/tienda\/por-marca\/bajaj\/pulsar-200ns\/bajaj-pulsar-ns-200-servicio-de-mantenimiento-habitual-1-000-km-y-cada-5-000-km\/","og_site_name":"R85 Motos","article_publisher":"https:\/\/www.facebook.com\/R85Motos","article_modified_time":"2024-06-13T04:42:43+00:00","og_image":[{"width":600,"height":600,"url":"https:\/\/r85motos.cl\/r85\/wp-content\/uploads\/2022\/08\/Servicio-frenos-pulsar200.jpg","type":"image\/jpeg"}],"twitter_card":"summary_large_image","twitter_misc":{"Tiempo de lectura":"1 minuto"},"schema":{"@context":"https:\/\/schema.org","@graph":[{"@type":"WebPage","@id":"https:\/\/r85motos.cl\/r85\/tienda\/por-marca\/bajaj\/pulsar-200ns\/bajaj-pulsar-ns-200-servicio-de-mantenimiento-habitual-1-000-km-y-cada-5-000-km\/","url":"https:\/\/r85motos.cl\/r85\/tienda\/por-marca\/bajaj\/pulsar-200ns\/bajaj-pulsar-ns-200-servicio-de-mantenimiento-habitual-1-000-km-y-cada-5-000-km\/","name":"Bajaj Pulsar NS 200 - Servicio de mantenimiento habitual (1.000 km y cada 5.000 km) - R85 Motos","isPartOf":{"@id":"https:\/\/r85motos.cl\/r85\/#website"},"primaryImageOfPage":{"@id":"https:\/\/r85motos.cl\/r85\/tienda\/por-marca\/bajaj\/pulsar-200ns\/bajaj-pulsar-ns-200-servicio-de-mantenimiento-habitual-1-000-km-y-cada-5-000-km\/#primaryimage"},"image":{"@id":"https:\/\/r85motos.cl\/r85\/tienda\/por-marca\/bajaj\/pulsar-200ns\/bajaj-pulsar-ns-200-servicio-de-mantenimiento-habitual-1-000-km-y-cada-5-000-km\/#primaryimage"},"thumbnailUrl":"https:\/\/r85motos.cl\/r85\/wp-content\/uploads\/2022\/08\/Servicio-frenos-pulsar200.jpg","datePublished":"2022-08-10T14:55:14+00:00","dateModified":"2024-06-13T04:42:43+00:00","breadcrumb":{"@id":"https:\/\/r85motos.cl\/r85\/tienda\/por-marca\/bajaj\/pulsar-200ns\/bajaj-pulsar-ns-200-servicio-de-mantenimiento-habitual-1-000-km-y-cada-5-000-km\/#breadcrumb"},"inLanguage":"es","potentialAction":[{"@type":"ReadAction","target":["https:\/\/r85motos.cl\/r85\/tienda\/por-marca\/bajaj\/pulsar-200ns\/bajaj-pulsar-ns-200-servicio-de-mantenimiento-habitual-1-000-km-y-cada-5-000-km\/"]}]},{"@type":"ImageObject","inLanguage":"es","@id":"https:\/\/r85motos.cl\/r85\/tienda\/por-marca\/bajaj\/pulsar-200ns\/bajaj-pulsar-ns-200-servicio-de-mantenimiento-habitual-1-000-km-y-cada-5-000-km\/#primaryimage","url":"https:\/\/r85motos.cl\/r85\/wp-content\/uploads\/2022\/08\/Servicio-frenos-pulsar200.jpg","contentUrl":"https:\/\/r85motos.cl\/r85\/wp-content\/uploads\/2022\/08\/Servicio-frenos-pulsar200.jpg","width":600,"height":600},{"@type":"BreadcrumbList","@id":"https:\/\/r85motos.cl\/r85\/tienda\/por-marca\/bajaj\/pulsar-200ns\/bajaj-pulsar-ns-200-servicio-de-mantenimiento-habitual-1-000-km-y-cada-5-000-km\/#breadcrumb","itemListElement":[{"@type":"ListItem","position":1,"name":"Inicio","item":"https:\/\/r85motos.cl\/r85\/"},{"@type":"ListItem","position":2,"name":"Tienda","item":"https:\/\/r85motos.cl\/r85\/tienda\/"},{"@type":"ListItem","position":3,"name":"Mantenimiento por kilometraje","item":"https:\/\/r85motos.cl\/r85\/producto-categoria\/mantenimiento-por-kilometraje\/"},{"@type":"ListItem","position":4,"name":"Bajaj Pulsar NS 200 &#8211; Servicio de mantenimiento habitual (1.000 km y cada 5.000 km)"}]},{"@type":"WebSite","@id":"https:\/\/r85motos.cl\/r85\/#website","url":"https:\/\/r85motos.cl\/r85\/","name":"R85 Motos","description":"Taller mec\u00e1nico de motos y servicio a domicilio","publisher":{"@id":"https:\/\/r85motos.cl\/r85\/#organization"},"potentialAction":[{"@type":"SearchAction","target":{"@type":"EntryPoint","urlTemplate":"https:\/\/r85motos.cl\/r85\/?s={search_term_string}"},"query-input":{"@type":"PropertyValueSpecification","valueRequired":true,"valueName":"search_term_string"}}],"inLanguage":"es"},{"@type":"Organization","@id":"https:\/\/r85motos.cl\/r85\/#organization","name":"R85 Motos Spa","url":"https:\/\/r85motos.cl\/r85\/","logo":{"@type":"ImageObject","inLanguage":"es","@id":"https:\/\/r85motos.cl\/r85\/#\/schema\/logo\/image\/","url":"https:\/\/r85motos.cl\/r85\/wp-content\/uploads\/2019\/11\/Captura-de-pantalla-de-2019-11-04-16-48-35-e1572919537689.png","contentUrl":"https:\/\/r85motos.cl\/r85\/wp-content\/uploads\/2019\/11\/Captura-de-pantalla-de-2019-11-04-16-48-35-e1572919537689.png","width":300,"height":147,"caption":"R85 Motos Spa"},"image":{"@id":"https:\/\/r85motos.cl\/r85\/#\/schema\/logo\/image\/"},"sameAs":["https:\/\/www.facebook.com\/R85Motos","https:\/\/www.instagram.com\/r85motos\/","https:\/\/www.youtube.com\/channel\/UCoNJWiikfABGb-w1m60BWpQ"]}]}},"_links":{"self":[{"href":"https:\/\/r85motos.cl\/r85\/wp-json\/wp\/v2\/product\/9130"}],"collection":[{"href":"https:\/\/r85motos.cl\/r85\/wp-json\/wp\/v2\/product"}],"about":[{"href":"https:\/\/r85motos.cl\/r85\/wp-json\/wp\/v2\/types\/product"}],"replies":[{"embeddable":true,"href":"https:\/\/r85motos.cl\/r85\/wp-json\/wp\/v2\/comments?post=9130"}],"version-history":[{"count":3,"href":"https:\/\/r85motos.cl\/r85\/wp-json\/wp\/v2\/product\/9130\/revisions"}],"predecessor-version":[{"id":9395,"href":"https:\/\/r85motos.cl\/r85\/wp-json\/wp\/v2\/product\/9130\/revisions\/9395"}],"wp:featuredmedia":[{"embeddable":true,"href":"https:\/\/r85motos.cl\/r85\/wp-json\/wp\/v2\/media\/9131"}],"wp:attachment":[{"href":"https:\/\/r85motos.cl\/r85\/wp-json\/wp\/v2\/media?parent=9130"}],"curies":[{"name":"wp","href":"https:\/\/api.w.org\/{rel}","templated":true}]}}